{"id":3563,"date":"2025-05-16T18:51:37","date_gmt":"2025-05-16T10:51:37","guid":{"rendered":"https:\/\/cl.junj.cc\/?post_type=product&#038;p=3563"},"modified":"2025-06-12T09:49:35","modified_gmt":"2025-06-12T01:49:35","slug":"prefabricated-cabin-type-substation","status":"publish","type":"product","link":"https:\/\/www.clelek.com\/pt\/product\/prefabricated-cabin-type-substation","title":{"rendered":"Subesta\u00e7\u00e3o pr\u00e9-fabricada do tipo cabine"},"content":{"rendered":"","protected":false},"parent":0,"menu_order":8,"template":"","meta":[],"product_category":[42],"class_list":["post-3563","product","type-product","status-publish","hentry","product_category-compact-substation"],"acf":[],"_links":{"self":[{"href":"https:\/\/www.clelek.com\/pt\/wp-json\/wp\/v2\/product\/3563","targetHints":{"allow":["GET"]}}],"collection":[{"href":"https:\/\/www.clelek.com\/pt\/wp-json\/wp\/v2\/product"}],"about":[{"href":"https:\/\/www.clelek.com\/pt\/wp-json\/wp\/v2\/types\/product"}],"version-history":[{"count":2,"href":"https:\/\/www.clelek.com\/pt\/wp-json\/wp\/v2\/product\/3563\/revisions"}],"predecessor-version":[{"id":3946,"href":"https:\/\/www.clelek.com\/pt\/wp-json\/wp\/v2\/product\/3563\/revisions\/3946"}],"wp:attachment":[{"href":"https:\/\/www.clelek.com\/pt\/wp-json\/wp\/v2\/media?parent=3563"}],"wp:term":[{"taxonomy":"product_category","embeddable":true,"href":"https:\/\/www.clelek.com\/pt\/wp-json\/wp\/v2\/product_category?post=3563"}],"curies":[{"name":"wp","href":"https:\/\/api.w.org\/{rel}","templated":true}]}}