{"id":2979,"date":"2025-04-16T17:15:58","date_gmt":"2025-04-16T09:15:58","guid":{"rendered":"http:\/\/cl.junj.cc\/?post_type=product&#038;p=2979"},"modified":"2025-06-12T15:28:19","modified_gmt":"2025-06-12T07:28:19","slug":"zbw-12-0-4-f-r-outdoor-medium-voltage-prefabricated-substation-european","status":"publish","type":"product","link":"https:\/\/www.clelek.com\/pt\/product\/zbw-12-0-4-f-r-outdoor-medium-voltage-prefabricated-substation-european","title":{"rendered":"Subesta\u00e7\u00e3o pr\u00e9-fabricada de m\u00e9dia tens\u00e3o externa ZBW-12\/0.4(F.R) (europeia)"},"content":{"rendered":"","protected":false},"parent":0,"menu_order":26,"template":"","meta":[],"product_category":[42],"class_list":["post-2979","product","type-product","status-publish","hentry","product_category-compact-substation"],"acf":[],"_links":{"self":[{"href":"https:\/\/www.clelek.com\/pt\/wp-json\/wp\/v2\/product\/2979","targetHints":{"allow":["GET"]}}],"collection":[{"href":"https:\/\/www.clelek.com\/pt\/wp-json\/wp\/v2\/product"}],"about":[{"href":"https:\/\/www.clelek.com\/pt\/wp-json\/wp\/v2\/types\/product"}],"version-history":[{"count":5,"href":"https:\/\/www.clelek.com\/pt\/wp-json\/wp\/v2\/product\/2979\/revisions"}],"predecessor-version":[{"id":4203,"href":"https:\/\/www.clelek.com\/pt\/wp-json\/wp\/v2\/product\/2979\/revisions\/4203"}],"wp:attachment":[{"href":"https:\/\/www.clelek.com\/pt\/wp-json\/wp\/v2\/media?parent=2979"}],"wp:term":[{"taxonomy":"product_category","embeddable":true,"href":"https:\/\/www.clelek.com\/pt\/wp-json\/wp\/v2\/product_category?post=2979"}],"curies":[{"name":"wp","href":"https:\/\/api.w.org\/{rel}","templated":true}]}}