{"id":2951,"date":"2025-04-16T16:06:47","date_gmt":"2025-04-16T08:06:47","guid":{"rendered":"http:\/\/cl.junj.cc\/?post_type=product&#038;p=2951"},"modified":"2025-06-12T09:49:27","modified_gmt":"2025-06-12T01:49:27","slug":"gcs-low-voltage-switchgear-and-motor-control-center","status":"publish","type":"product","link":"https:\/\/www.clelek.com\/pt\/product\/gcs-low-voltage-switchgear-and-motor-control-center","title":{"rendered":"Centro de controle de motor e painel de distribui\u00e7\u00e3o de baixa tens\u00e3o GCS"},"content":{"rendered":"","protected":false},"parent":0,"menu_order":32,"template":"","meta":[],"product_category":[37,46],"class_list":["post-2951","product","type-product","status-publish","hentry","product_category-assembled-switchgear-cabinet","product_category-low-voltage-switchgear-cabinet"],"acf":[],"_links":{"self":[{"href":"https:\/\/www.clelek.com\/pt\/wp-json\/wp\/v2\/product\/2951","targetHints":{"allow":["GET"]}}],"collection":[{"href":"https:\/\/www.clelek.com\/pt\/wp-json\/wp\/v2\/product"}],"about":[{"href":"https:\/\/www.clelek.com\/pt\/wp-json\/wp\/v2\/types\/product"}],"version-history":[{"count":5,"href":"https:\/\/www.clelek.com\/pt\/wp-json\/wp\/v2\/product\/2951\/revisions"}],"predecessor-version":[{"id":4032,"href":"https:\/\/www.clelek.com\/pt\/wp-json\/wp\/v2\/product\/2951\/revisions\/4032"}],"wp:attachment":[{"href":"https:\/\/www.clelek.com\/pt\/wp-json\/wp\/v2\/media?parent=2951"}],"wp:term":[{"taxonomy":"product_category","embeddable":true,"href":"https:\/\/www.clelek.com\/pt\/wp-json\/wp\/v2\/product_category?post=2951"}],"curies":[{"name":"wp","href":"https:\/\/api.w.org\/{rel}","templated":true}]}}