{"id":2930,"date":"2025-04-16T15:01:49","date_gmt":"2025-04-16T07:01:49","guid":{"rendered":"http:\/\/cl.junj.cc\/?post_type=product&#038;p=2930"},"modified":"2025-06-12T09:49:27","modified_gmt":"2025-06-12T01:49:27","slug":"kyn28-12-armored-withdrawable-type-ac-metal-enclosed-switchgear","status":"publish","type":"product","link":"https:\/\/www.clelek.com\/pt\/product\/kyn28-12-armored-withdrawable-type-ac-metal-enclosed-switchgear","title":{"rendered":"KYN28-12 Painel de distribui\u00e7\u00e3o blindado e extra\u00edvel tipo AC Metal-Enclosed"},"content":{"rendered":"","protected":false},"parent":0,"menu_order":35,"template":"","meta":[],"product_category":[37,45],"class_list":["post-2930","product","type-product","status-publish","hentry","product_category-assembled-switchgear-cabinet","product_category-medium-and-high-voltage-switchgear-cabinet"],"acf":[],"_links":{"self":[{"href":"https:\/\/www.clelek.com\/pt\/wp-json\/wp\/v2\/product\/2930","targetHints":{"allow":["GET"]}}],"collection":[{"href":"https:\/\/www.clelek.com\/pt\/wp-json\/wp\/v2\/product"}],"about":[{"href":"https:\/\/www.clelek.com\/pt\/wp-json\/wp\/v2\/types\/product"}],"version-history":[{"count":7,"href":"https:\/\/www.clelek.com\/pt\/wp-json\/wp\/v2\/product\/2930\/revisions"}],"predecessor-version":[{"id":4039,"href":"https:\/\/www.clelek.com\/pt\/wp-json\/wp\/v2\/product\/2930\/revisions\/4039"}],"wp:attachment":[{"href":"https:\/\/www.clelek.com\/pt\/wp-json\/wp\/v2\/media?parent=2930"}],"wp:term":[{"taxonomy":"product_category","embeddable":true,"href":"https:\/\/www.clelek.com\/pt\/wp-json\/wp\/v2\/product_category?post=2930"}],"curies":[{"name":"wp","href":"https:\/\/api.w.org\/{rel}","templated":true}]}}