{"id":3011,"date":"2025-04-17T10:34:44","date_gmt":"2025-04-17T02:34:44","guid":{"rendered":"http:\/\/cl.junj.cc\/?post_type=product&#038;p=3011"},"modified":"2025-06-12T09:49:27","modified_gmt":"2025-06-12T01:49:27","slug":"fn7-12dr-indoor-ac-high-voltage-load-break-switch-with-fuse","status":"publish","type":"product","link":"https:\/\/www.clelek.com\/fr\/product\/fn7-12dr-indoor-ac-high-voltage-load-break-switch-with-fuse","title":{"rendered":"FN7-12DR Interrupteur \u00e0 coupure de charge haute tension \u00e0 l'int\u00e9rieur avec fusible"},"content":{"rendered":"","protected":false},"parent":0,"menu_order":13,"template":"","meta":[],"product_category":[15,48],"class_list":["post-3011","product","type-product","status-publish","hentry","product_category-medium-and-high-voltage-electrical-component","product_category-indoor-load-break-switch"],"acf":[],"_links":{"self":[{"href":"https:\/\/www.clelek.com\/fr\/wp-json\/wp\/v2\/product\/3011","targetHints":{"allow":["GET"]}}],"collection":[{"href":"https:\/\/www.clelek.com\/fr\/wp-json\/wp\/v2\/product"}],"about":[{"href":"https:\/\/www.clelek.com\/fr\/wp-json\/wp\/v2\/types\/product"}],"version-history":[{"count":5,"href":"https:\/\/www.clelek.com\/fr\/wp-json\/wp\/v2\/product\/3011\/revisions"}],"predecessor-version":[{"id":4143,"href":"https:\/\/www.clelek.com\/fr\/wp-json\/wp\/v2\/product\/3011\/revisions\/4143"}],"wp:attachment":[{"href":"https:\/\/www.clelek.com\/fr\/wp-json\/wp\/v2\/media?parent=3011"}],"wp:term":[{"taxonomy":"product_category","embeddable":true,"href":"https:\/\/www.clelek.com\/fr\/wp-json\/wp\/v2\/product_category?post=3011"}],"curies":[{"name":"wp","href":"https:\/\/api.w.org\/{rel}","templated":true}]}}