{"id":2986,"date":"2025-04-16T17:32:04","date_gmt":"2025-04-16T09:32:04","guid":{"rendered":"http:\/\/cl.junj.cc\/?post_type=product&#038;p=2986"},"modified":"2025-06-12T09:49:27","modified_gmt":"2025-06-12T01:49:27","slug":"zbw-12-pre-installed-compact-substation-american-type","status":"publish","type":"product","link":"https:\/\/www.clelek.com\/fr\/product\/zbw-12-pre-installed-compact-substation-american-type","title":{"rendered":"ZBW-12 Poste compact pr\u00e9install\u00e9 (type am\u00e9ricain)"},"content":{"rendered":"","protected":false},"parent":0,"menu_order":11,"template":"","meta":[],"product_category":[42],"class_list":["post-2986","product","type-product","status-publish","hentry","product_category-compact-substation"],"acf":[],"_links":{"self":[{"href":"https:\/\/www.clelek.com\/fr\/wp-json\/wp\/v2\/product\/2986","targetHints":{"allow":["GET"]}}],"collection":[{"href":"https:\/\/www.clelek.com\/fr\/wp-json\/wp\/v2\/product"}],"about":[{"href":"https:\/\/www.clelek.com\/fr\/wp-json\/wp\/v2\/types\/product"}],"version-history":[{"count":16,"href":"https:\/\/www.clelek.com\/fr\/wp-json\/wp\/v2\/product\/2986\/revisions"}],"predecessor-version":[{"id":4138,"href":"https:\/\/www.clelek.com\/fr\/wp-json\/wp\/v2\/product\/2986\/revisions\/4138"}],"wp:attachment":[{"href":"https:\/\/www.clelek.com\/fr\/wp-json\/wp\/v2\/media?parent=2986"}],"wp:term":[{"taxonomy":"product_category","embeddable":true,"href":"https:\/\/www.clelek.com\/fr\/wp-json\/wp\/v2\/product_category?post=2986"}],"curies":[{"name":"wp","href":"https:\/\/api.w.org\/{rel}","templated":true}]}}